{"id":2180,"date":"2021-07-23T12:20:21","date_gmt":"2021-07-23T10:20:21","guid":{"rendered":"https:\/\/www.nordsued.com\/?page_id=2180"},"modified":"2023-08-24T09:02:30","modified_gmt":"2023-08-24T07:02:30","slug":"kariera","status":"publish","type":"page","link":"https:\/\/www.nordsued.com\/cz\/kariera\/","title":{"rendered":"Kari\u00e9ra"},"content":{"rendered":"<p><div class=\"fusion-fullwidth fullwidth-box fusion-builder-row-1 fusion-flex-container hundred-percent-fullwidth non-hundred-percent-height-scrolling\" style=\"--awb-border-radius-top-left:0px;--awb-border-radius-top-right:0px;--awb-border-radius-bottom-right:0px;--awb-border-radius-bottom-left:0px;--awb-background-color:#012b7f;--awb-flex-wrap:wrap;\" ><div class=\"fusion-builder-row fusion-row fusion-flex-align-items-stretch fusion-flex-content-wrap\" style=\"width:calc( 100% + 0px ) !important;max-width:calc( 100% + 0px ) !important;margin-left: calc(-0px \/ 2 );margin-right: calc(-0px \/ 2 );\"><div class=\"fusion-layout-column fusion_builder_column fusion-builder-column-0 fusion_builder_column_1_1 1_1 fusion-flex-column fusion-flex-align-self-center\" style=\"--awb-padding-top:5vw;--awb-padding-right:5vw;--awb-padding-bottom:2vw;--awb-padding-left:5vw;--awb-padding-top-small:12vw;--awb-padding-right-small:8vw;--awb-padding-bottom-small:12vw;--awb-padding-left-small:8vw;--awb-bg-color:#012b7f;--awb-bg-color-hover:#012b7f;--awb-bg-size:cover;--awb-width-large:100%;--awb-margin-top-large:0px;--awb-spacing-right-large:0px;--awb-margin-bottom-large:0px;--awb-spacing-left-large:0px;--awb-width-medium:100%;--awb-order-medium:0;--awb-spacing-right-medium:0px;--awb-spacing-left-medium:0px;--awb-width-small:100%;--awb-order-small:0;--awb-spacing-right-small:0px;--awb-margin-bottom-small:-5px;--awb-spacing-left-small:0px;\"><div class=\"fusion-column-wrapper fusion-column-has-shadow fusion-flex-justify-content-flex-start fusion-content-layout-column\"><div class=\"fusion-text fusion-text-1\" style=\"--awb-font-size:19px;--awb-text-color:#fdb913;\"><p>Pr\u00e1ce @ NordS\u00fcd<\/p>\n<\/div><div class=\"fusion-title title fusion-title-1 fusion-sep-none fusion-title-text fusion-title-size-one hero\" style=\"--awb-text-color:#ffffff;--awb-margin-bottom:50px;--awb-margin-top-small:10px;--awb-margin-right-small:0px;--awb-margin-bottom-small:10px;--awb-margin-left-small:0px;--awb-font-size:42px;\"><h1 class=\"fusion-title-heading title-heading-left\" style=\"margin:0;font-size:1em;line-height:1.3em;\">Kari\u00e9ra<\/h1><\/div><\/div><\/div><\/div><\/div><div class=\"fusion-fullwidth fullwidth-box fusion-builder-row-2 fusion-flex-container nonhundred-percent-fullwidth non-hundred-percent-height-scrolling\" style=\"--awb-background-position:left top;--awb-background-blend-mode:screen;--awb-border-radius-top-left:0px;--awb-border-radius-top-right:0px;--awb-border-radius-bottom-right:0px;--awb-border-radius-bottom-left:0px;--awb-background-color:#f3f3f4;--awb-flex-wrap:wrap;\" ><div class=\"fusion-builder-row fusion-row fusion-flex-align-items-stretch fusion-flex-justify-content-center fusion-flex-content-wrap\" style=\"max-width:calc( 1300px + 95px );margin-left: calc(-95px \/ 2 );margin-right: calc(-95px \/ 2 );\"><div class=\"fusion-layout-column fusion_builder_column fusion-builder-column-1 fusion-flex-column\" style=\"--awb-padding-top:110px;--awb-padding-bottom:110px;--awb-padding-left:4vw;--awb-padding-left-medium:5vw;--awb-padding-top-small:8vw;--awb-padding-right-small:8vw;--awb-padding-bottom-small:8vw;--awb-padding-left-small:8vw;--awb-bg-size:cover;--awb-width-large:55%;--awb-margin-top-large:0px;--awb-spacing-right-large:47.5px;--awb-margin-bottom-large:0px;--awb-spacing-left-large:47.5px;--awb-width-medium:55%;--awb-order-medium:0;--awb-spacing-right-medium:47.5px;--awb-spacing-left-medium:47.5px;--awb-width-small:100%;--awb-order-small:0;--awb-spacing-right-small:47.5px;--awb-spacing-left-small:47.5px;\"><div class=\"fusion-column-wrapper fusion-column-has-shadow fusion-flex-justify-content-flex-start fusion-content-layout-column\"><div class=\"fusion-title title fusion-title-2 fusion-sep-none fusion-title-highlight fusion-animate-once fusion-highlight-underline fusion-title-size-two\" style=\"--awb-highlight-color:#ffdc4b;--awb-margin-bottom:30px;--awb-margin-top-small:10px;--awb-margin-right-small:0px;--awb-margin-bottom-small:10px;--awb-margin-left-small:0px;\" data-highlight=\"underline\"><h2 class=\"fusion-title-heading title-heading-left\" style=\"margin:0;\"><span class=\"fusion-highlighted-text-prefix\"><\/span> <span class=\"fusion-highlighted-text-wrapper\"><span class=\"fusion-highlighted-text\">Pracovn\u00ed nab\u00eddky<\/span><svg xmlns=\"http:\/\/www.w3.org\/2000\/svg\" viewBox=\"0 0 500 150\" preserveAspectRatio=\"none\"><path d=\"M8.1,146.2c0,0,240.6-55.6,479-13.8\"><\/path><\/svg><\/span> <span class=\"fusion-highlighted-text-postfix\"><\/span><\/h2><\/div><div class=\"fusion-text fusion-text-2\" style=\"--awb-content-alignment:left;\"><p align=\"justify\">Hled\u00e1te nov\u00e9 zam\u011bstn\u00e1n\u00ed, nov\u00e9 v\u00fdzvy nebo by jste cht\u011bl\/a zm\u011bnu?<\/p>\n<p align=\"justify\">Na t\u00e9to stran\u011b si m\u016f\u017eete proch\u00e1zet na\u0161i nab\u00eddku zam\u011bstn\u00e1n\u00ed a mo\u017en\u00e1 budete ji\u017e brzy pat\u0159it k t\u00fdmu NordS\u00fcd.<\/p>\n<p align=\"justify\">Nastupte u n\u00e1s!!<\/p>\n<\/div><div class=\"fusion-text fusion-text-3\" style=\"--awb-content-alignment:left;\"><table border=\"0\" width=\"100%\" cellspacing=\"2\" cellpadding=\"2\">\n<tbody>\n<tr>\n<td valign=\"top\" width=\"260\">\n<h4>Voln\u00e9 pracovn\u00ed m\u00edsto<\/h4>\n<\/td>\n<td width=\"294\">\n<h4>Pobo\u010dka<\/h4>\n<\/td>\n<tr>\n<td valign=\"top\">\u0158idi\u010d \/ \u0158idi\u010dka<\/td>\n<td valign=\"top\">Zabreh<\/td>\n<\/tr>\n<\/tbody>\n<\/table>\n<\/div><div class=\"fusion-image-element \" style=\"--awb-margin-top:15px;--awb-caption-title-font-family:var(--h2_typography-font-family);--awb-caption-title-font-weight:var(--h2_typography-font-weight);--awb-caption-title-font-style:var(--h2_typography-font-style);--awb-caption-title-size:var(--h2_typography-font-size);--awb-caption-title-transform:var(--h2_typography-text-transform);--awb-caption-title-line-height:var(--h2_typography-line-height);--awb-caption-title-letter-spacing:var(--h2_typography-letter-spacing);\"><span class=\" fusion-imageframe imageframe-none imageframe-1 hover-type-none\"><a href=\"https:\/\/www.nordsued.com\/wp-content\/uploads\/2023\/08\/stellenanzeige-cz.jpg\" class=\"fusion-lightbox\" data-rel=\"iLightbox[5823aa465a08ea52366]\"><img decoding=\"async\" width=\"480\" height=\"672\" alt=\"Stellenanzeige f\u00fcr Fahrer MKD Z\u00e1b\u0159eh mit Informationen zu Gehalt und Anforderungen.\" src=\"https:\/\/www.nordsued.com\/wp-content\/uploads\/2023\/08\/stellenanzeige-cz.jpg\" data-orig-src=\"https:\/\/www.nordsued.com\/wp-content\/uploads\/2023\/08\/stellenanzeige-cz.jpg\" class=\"lazyload img-responsive wp-image-2525\" srcset=\"data:image\/svg+xml,%3Csvg%20xmlns%3D%27http%3A%2F%2Fwww.w3.org%2F2000%2Fsvg%27%20width%3D%27480%27%20height%3D%27672%27%20viewBox%3D%270%200%20480%20672%27%3E%3Crect%20width%3D%27480%27%20height%3D%27672%27%20fill-opacity%3D%220%22%2F%3E%3C%2Fsvg%3E\" data-srcset=\"https:\/\/www.nordsued.com\/wp-content\/uploads\/2023\/08\/stellenanzeige-cz-200x280.jpg 200w, https:\/\/www.nordsued.com\/wp-content\/uploads\/2023\/08\/stellenanzeige-cz-400x560.jpg 400w, https:\/\/www.nordsued.com\/wp-content\/uploads\/2023\/08\/stellenanzeige-cz.jpg 480w\" data-sizes=\"auto\" data-orig-sizes=\"(max-width: 820px) 100vw, 480px\" \/><\/a><\/span><\/div><\/div><\/div><div class=\"fusion-layout-column fusion_builder_column fusion-builder-column-2 fusion-flex-column\" style=\"--awb-bg-image:linear-gradient(180deg, rgba(0,28,82,0) 65%,#001c52 100%);;--awb-bg-position:center center;--awb-bg-blend:overlay;--awb-bg-size:cover;--awb-width-large:45%;--awb-margin-top-large:0px;--awb-spacing-right-large:47.5px;--awb-margin-bottom-large:0px;--awb-spacing-left-large:47.5px;--awb-width-medium:45%;--awb-order-medium:0;--awb-spacing-right-medium:47.5px;--awb-spacing-left-medium:47.5px;--awb-width-small:100%;--awb-order-small:0;--awb-spacing-right-small:47.5px;--awb-margin-bottom-small:0px;--awb-spacing-left-small:47.5px;\"><div class=\"fusion-column-wrapper lazyload fusion-column-has-shadow fusion-flex-justify-content-flex-end fusion-content-layout-column fusion-empty-column-bg-image fusion-column-has-bg-image\" data-bg-url=\"https:\/\/www.nordsued.com\/wp-content\/uploads\/2021\/07\/karriere.jpg\" data-bg=\"https:\/\/www.nordsued.com\/wp-content\/uploads\/2021\/07\/karriere.jpg\" data-bg-gradient=\"linear-gradient(180deg, rgba(0,28,82,0) 65%,#001c52 100%)\"><img decoding=\"async\" class=\"fusion-empty-dims-img-placeholder fusion-no-large-visibility fusion-no-medium-visibility\" alt=\"Blauer Lkw mit orangefarbener Schrift und einem Globus-Symbol auf der Plane.\" aria-label=\"karriere\" src=\"data:image\/svg+xml,%3Csvg%20xmlns%3D%27http%3A%2F%2Fwww.w3.org%2F2000%2Fsvg%27%20width%3D%271920%27%20height%3D%271280%27%20viewBox%3D%270%200%201920%201280%27%3E%3Crect%20width%3D%271920%27%20height%3D%271280%27%20fill-opacity%3D%220%22%2F%3E%3C%2Fsvg%3E\"><\/div><\/div><\/div><\/div><\/p>\n","protected":false},"excerpt":{"rendered":"","protected":false},"author":7,"featured_media":0,"parent":0,"menu_order":11,"comment_status":"closed","ping_status":"closed","template":"","meta":{"footnotes":""},"class_list":["post-2180","page","type-page","status-publish","hentry"],"_links":{"self":[{"href":"https:\/\/www.nordsued.com\/cz\/wp-json\/wp\/v2\/pages\/2180","targetHints":{"allow":["GET"]}}],"collection":[{"href":"https:\/\/www.nordsued.com\/cz\/wp-json\/wp\/v2\/pages"}],"about":[{"href":"https:\/\/www.nordsued.com\/cz\/wp-json\/wp\/v2\/types\/page"}],"author":[{"embeddable":true,"href":"https:\/\/www.nordsued.com\/cz\/wp-json\/wp\/v2\/users\/7"}],"replies":[{"embeddable":true,"href":"https:\/\/www.nordsued.com\/cz\/wp-json\/wp\/v2\/comments?post=2180"}],"version-history":[{"count":7,"href":"https:\/\/www.nordsued.com\/cz\/wp-json\/wp\/v2\/pages\/2180\/revisions"}],"predecessor-version":[{"id":2531,"href":"https:\/\/www.nordsued.com\/cz\/wp-json\/wp\/v2\/pages\/2180\/revisions\/2531"}],"wp:attachment":[{"href":"https:\/\/www.nordsued.com\/cz\/wp-json\/wp\/v2\/media?parent=2180"}],"curies":[{"name":"wp","href":"https:\/\/api.w.org\/{rel}","templated":true}]}}