{"id":2163,"date":"2021-07-23T12:13:11","date_gmt":"2021-07-23T10:13:11","guid":{"rendered":"https:\/\/www.nordsued.com\/?page_id=2163"},"modified":"2021-07-23T12:13:11","modified_gmt":"2021-07-23T10:13:11","slug":"mega-standardni-navesove-vozidlo","status":"publish","type":"page","link":"https:\/\/www.nordsued.com\/cz\/vozovy-park\/mega-standardni-navesove-vozidlo\/","title":{"rendered":"Mega &#8211; Standardn\u00ed n\u00e1v\u011bsov\u00e9 vozidlo"},"content":{"rendered":"<p><div class=\"fusion-fullwidth fullwidth-box fusion-builder-row-1 fusion-flex-container hundred-percent-fullwidth non-hundred-percent-height-scrolling\" style=\"--awb-border-radius-top-left:0px;--awb-border-radius-top-right:0px;--awb-border-radius-bottom-right:0px;--awb-border-radius-bottom-left:0px;--awb-background-color:#012b7f;--awb-flex-wrap:wrap;\" ><div class=\"fusion-builder-row fusion-row fusion-flex-align-items-stretch fusion-flex-content-wrap\" style=\"width:calc( 100% + 0px ) !important;max-width:calc( 100% + 0px ) !important;margin-left: calc(-0px \/ 2 );margin-right: calc(-0px \/ 2 );\"><div class=\"fusion-layout-column fusion_builder_column fusion-builder-column-0 fusion_builder_column_1_1 1_1 fusion-flex-column fusion-flex-align-self-center\" style=\"--awb-padding-top:5vw;--awb-padding-right:5vw;--awb-padding-bottom:2vw;--awb-padding-left:5vw;--awb-padding-top-small:12vw;--awb-padding-right-small:8vw;--awb-padding-bottom-small:12vw;--awb-padding-left-small:8vw;--awb-bg-color:#012b7f;--awb-bg-color-hover:#012b7f;--awb-bg-size:cover;--awb-width-large:100%;--awb-margin-top-large:0px;--awb-spacing-right-large:0px;--awb-margin-bottom-large:0px;--awb-spacing-left-large:0px;--awb-width-medium:100%;--awb-order-medium:0;--awb-spacing-right-medium:0px;--awb-spacing-left-medium:0px;--awb-width-small:100%;--awb-order-small:0;--awb-spacing-right-small:0px;--awb-margin-bottom-small:-5px;--awb-spacing-left-small:0px;\"><div class=\"fusion-column-wrapper fusion-column-has-shadow fusion-flex-justify-content-flex-start fusion-content-layout-column\"><div class=\"fusion-text fusion-text-1\" style=\"--awb-font-size:19px;--awb-text-color:#fdb913;\"><p>Detaily<\/p>\n<\/div><div class=\"fusion-title title fusion-title-1 fusion-sep-none fusion-title-text fusion-title-size-one hero\" style=\"--awb-text-color:#ffffff;--awb-margin-bottom:50px;--awb-margin-top-small:10px;--awb-margin-right-small:0px;--awb-margin-bottom-small:10px;--awb-margin-left-small:0px;--awb-font-size:42px;\"><h1 class=\"fusion-title-heading title-heading-left\" style=\"margin:0;font-size:1em;line-height:1.3em;\">Mega &#8211; Standardn\u00ed n\u00e1v\u011bsov\u00e9 vozidlo<\/h1><\/div><\/div><\/div><\/div><\/div><div class=\"fusion-fullwidth fullwidth-box fusion-builder-row-2 fusion-flex-container nonhundred-percent-fullwidth non-hundred-percent-height-scrolling\" style=\"--awb-background-position:left top;--awb-background-blend-mode:screen;--awb-border-radius-top-left:0px;--awb-border-radius-top-right:0px;--awb-border-radius-bottom-right:0px;--awb-border-radius-bottom-left:0px;--awb-background-color:#f3f3f4;--awb-flex-wrap:wrap;\" ><div class=\"fusion-builder-row fusion-row fusion-flex-align-items-stretch fusion-flex-justify-content-center fusion-flex-content-wrap\" style=\"max-width:1352px;margin-left: calc(-4% \/ 2 );margin-right: calc(-4% \/ 2 );\"><div class=\"fusion-layout-column fusion_builder_column fusion-builder-column-1 fusion-flex-column\" style=\"--awb-padding-top:110px;--awb-padding-bottom:110px;--awb-padding-left:4vw;--awb-padding-left-medium:5vw;--awb-padding-top-small:8vw;--awb-padding-right-small:8vw;--awb-padding-bottom-small:8vw;--awb-padding-left-small:8vw;--awb-bg-size:cover;--awb-width-large:55%;--awb-margin-top-large:0px;--awb-spacing-right-large:3.49090909091%;--awb-margin-bottom-large:0px;--awb-spacing-left-large:3.49090909091%;--awb-width-medium:55%;--awb-order-medium:0;--awb-spacing-right-medium:3.49090909091%;--awb-spacing-left-medium:3.49090909091%;--awb-width-small:100%;--awb-order-small:0;--awb-spacing-right-small:1.92%;--awb-spacing-left-small:1.92%;\"><div class=\"fusion-column-wrapper fusion-column-has-shadow fusion-flex-justify-content-flex-start fusion-content-layout-column\"><div class=\"fusion-title title fusion-title-2 fusion-sep-none fusion-title-highlight fusion-animate-once fusion-highlight-underline fusion-title-size-two\" style=\"--awb-highlight-color:#ffdc4b;--awb-margin-bottom:30px;--awb-margin-top-small:10px;--awb-margin-right-small:0px;--awb-margin-bottom-small:10px;--awb-margin-left-small:0px;\" data-highlight=\"underline\"><h2 class=\"fusion-title-heading title-heading-left\" style=\"margin:0;\"><span class=\"fusion-highlighted-text-prefix\"><\/span> <span class=\"fusion-highlighted-text-wrapper\"><span class=\"fusion-highlighted-text\">Detailn\u00ed informace<\/span><svg xmlns=\"http:\/\/www.w3.org\/2000\/svg\" viewBox=\"0 0 500 150\" preserveAspectRatio=\"none\"><path d=\"M8.1,146.2c0,0,240.6-55.6,479-13.8\"><\/path><\/svg><\/span> <span class=\"fusion-highlighted-text-postfix\"><\/span><\/h2><\/div><div class=\"fusion-text fusion-text-2\" style=\"--awb-content-alignment:left;\"><div id=\"footable_parent_1873\"\n         class=\" footable_parent ninja_table_wrapper loading_ninja_table wp_table_data_press_parent semantic_ui \">\n                <table data-ninja_table_instance=\"ninja_table_instance_0\" data-footable_id=\"1873\" data-filter-delay=\"1000\" aria-label=\"Mega-Sattelzug CZ\"            id=\"footable_1873\"\n           data-unique_identifier=\"ninja_table_unique_id_2220575049_1873\"\n           class=\" foo-table ninja_footable foo_table_1873 ninja_table_unique_id_2220575049_1873 ui table  nt_type_ajax_table fixed selectable striped compact  footable-paging-right hide_all_borders ninjatable_hide_header_row ninja_table_search_disabled\">\n                <colgroup>\n                            <col class=\"ninja_column_0 \">\n                            <col class=\"ninja_column_1 \">\n                    <\/colgroup>\n            <\/table>\n    \n    \n    \n<\/div>\n\n<\/div><\/div><\/div><div class=\"fusion-layout-column fusion_builder_column fusion-builder-column-2 fusion-flex-column fusion-flex-align-self-center\" style=\"--awb-padding-top:110px;--awb-padding-right:4vw;--awb-padding-bottom:110px;--awb-padding-left-medium:5vw;--awb-padding-top-small:0px;--awb-padding-right-small:8vw;--awb-padding-bottom-small:8vw;--awb-padding-left-small:8vw;--awb-bg-size:cover;--awb-width-large:45%;--awb-margin-top-large:0px;--awb-spacing-right-large:4.26666666667%;--awb-margin-bottom-large:0px;--awb-spacing-left-large:4.26666666667%;--awb-width-medium:45%;--awb-order-medium:0;--awb-spacing-right-medium:4.26666666667%;--awb-spacing-left-medium:4.26666666667%;--awb-width-small:100%;--awb-order-small:0;--awb-spacing-right-small:1.92%;--awb-spacing-left-small:1.92%;\"><div class=\"fusion-column-wrapper fusion-column-has-shadow fusion-flex-justify-content-flex-start fusion-content-layout-column\"><div class=\"fusion-image-element \" style=\"--awb-caption-title-font-family:var(--h2_typography-font-family);--awb-caption-title-font-weight:var(--h2_typography-font-weight);--awb-caption-title-font-style:var(--h2_typography-font-style);--awb-caption-title-size:var(--h2_typography-font-size);--awb-caption-title-transform:var(--h2_typography-text-transform);--awb-caption-title-line-height:var(--h2_typography-line-height);--awb-caption-title-letter-spacing:var(--h2_typography-letter-spacing);\"><span class=\" fusion-imageframe imageframe-none imageframe-1 hover-type-none\"><img decoding=\"async\" width=\"560\" height=\"232\" alt=\"Blauer Sattelzug mit dem Logo der Firma Nord S\u00fcd auf der Seite, geparkt auf einem Platz.\" title=\"mega-sattelzug\" src=\"https:\/\/www.nordsued.com\/wp-content\/uploads\/2021\/07\/mega-sattelzug.jpg\" data-orig-src=\"https:\/\/www.nordsued.com\/wp-content\/uploads\/2021\/07\/mega-sattelzug.jpg\" class=\"lazyload img-responsive wp-image-2164\" srcset=\"data:image\/svg+xml,%3Csvg%20xmlns%3D%27http%3A%2F%2Fwww.w3.org%2F2000%2Fsvg%27%20width%3D%27560%27%20height%3D%27232%27%20viewBox%3D%270%200%20560%20232%27%3E%3Crect%20width%3D%27560%27%20height%3D%27232%27%20fill-opacity%3D%220%22%2F%3E%3C%2Fsvg%3E\" data-srcset=\"https:\/\/www.nordsued.com\/wp-content\/uploads\/2021\/07\/mega-sattelzug-200x83.jpg 200w, https:\/\/www.nordsued.com\/wp-content\/uploads\/2021\/07\/mega-sattelzug-400x166.jpg 400w, https:\/\/www.nordsued.com\/wp-content\/uploads\/2021\/07\/mega-sattelzug.jpg 560w\" data-sizes=\"auto\" data-orig-sizes=\"(max-width: 820px) 100vw, 560px\" \/><\/span><\/div><\/div><\/div><\/div><\/div><\/p>\n","protected":false},"excerpt":{"rendered":"","protected":false},"author":1,"featured_media":0,"parent":2160,"menu_order":1,"comment_status":"closed","ping_status":"closed","template":"","meta":{"footnotes":""},"class_list":["post-2163","page","type-page","status-publish","hentry"],"_links":{"self":[{"href":"https:\/\/www.nordsued.com\/cz\/wp-json\/wp\/v2\/pages\/2163","targetHints":{"allow":["GET"]}}],"collection":[{"href":"https:\/\/www.nordsued.com\/cz\/wp-json\/wp\/v2\/pages"}],"about":[{"href":"https:\/\/www.nordsued.com\/cz\/wp-json\/wp\/v2\/types\/page"}],"author":[{"embeddable":true,"href":"https:\/\/www.nordsued.com\/cz\/wp-json\/wp\/v2\/users\/1"}],"replies":[{"embeddable":true,"href":"https:\/\/www.nordsued.com\/cz\/wp-json\/wp\/v2\/comments?post=2163"}],"version-history":[{"count":2,"href":"https:\/\/www.nordsued.com\/cz\/wp-json\/wp\/v2\/pages\/2163\/revisions"}],"predecessor-version":[{"id":2166,"href":"https:\/\/www.nordsued.com\/cz\/wp-json\/wp\/v2\/pages\/2163\/revisions\/2166"}],"up":[{"embeddable":true,"href":"https:\/\/www.nordsued.com\/cz\/wp-json\/wp\/v2\/pages\/2160"}],"wp:attachment":[{"href":"https:\/\/www.nordsued.com\/cz\/wp-json\/wp\/v2\/media?parent=2163"}],"curies":[{"name":"wp","href":"https:\/\/api.w.org\/{rel}","templated":true}]}}