{"id":2147,"date":"2021-07-23T11:51:05","date_gmt":"2021-07-23T09:51:05","guid":{"rendered":"https:\/\/www.nordsued.com\/?page_id=2147"},"modified":"2021-07-23T11:51:05","modified_gmt":"2021-07-23T09:51:05","slug":"preprava","status":"publish","type":"page","link":"https:\/\/www.nordsued.com\/cz\/preprava\/","title":{"rendered":"P\u0159eprava"},"content":{"rendered":"<p><div class=\"fusion-fullwidth fullwidth-box fusion-builder-row-1 fusion-flex-container hundred-percent-fullwidth non-hundred-percent-height-scrolling\" style=\"--awb-border-radius-top-left:0px;--awb-border-radius-top-right:0px;--awb-border-radius-bottom-right:0px;--awb-border-radius-bottom-left:0px;--awb-background-color:#012b7f;--awb-flex-wrap:wrap;\" ><div class=\"fusion-builder-row fusion-row fusion-flex-align-items-stretch fusion-flex-content-wrap\" style=\"width:calc( 100% + 0px ) !important;max-width:calc( 100% + 0px ) !important;margin-left: calc(-0px \/ 2 );margin-right: calc(-0px \/ 2 );\"><div class=\"fusion-layout-column fusion_builder_column fusion-builder-column-0 fusion_builder_column_1_1 1_1 fusion-flex-column fusion-flex-align-self-center\" style=\"--awb-padding-top:5vw;--awb-padding-right:5vw;--awb-padding-bottom:2vw;--awb-padding-left:5vw;--awb-padding-top-small:12vw;--awb-padding-right-small:8vw;--awb-padding-bottom-small:12vw;--awb-padding-left-small:8vw;--awb-bg-color:#012b7f;--awb-bg-color-hover:#012b7f;--awb-bg-size:cover;--awb-width-large:100%;--awb-margin-top-large:0px;--awb-spacing-right-large:0px;--awb-margin-bottom-large:0px;--awb-spacing-left-large:0px;--awb-width-medium:100%;--awb-order-medium:0;--awb-spacing-right-medium:0px;--awb-spacing-left-medium:0px;--awb-width-small:100%;--awb-order-small:0;--awb-spacing-right-small:0px;--awb-margin-bottom-small:-5px;--awb-spacing-left-small:0px;\"><div class=\"fusion-column-wrapper fusion-column-has-shadow fusion-flex-justify-content-flex-start fusion-content-layout-column\"><div class=\"fusion-text fusion-text-1\" style=\"--awb-font-size:19px;--awb-text-color:#fdb913;\"><p>P\u0159eprava zbo\u017e\u00ed v Evrop\u011b<\/p>\n<\/div><div class=\"fusion-title title fusion-title-1 fusion-sep-none fusion-title-text fusion-title-size-one hero\" style=\"--awb-text-color:#ffffff;--awb-margin-bottom:50px;--awb-margin-top-small:10px;--awb-margin-right-small:0px;--awb-margin-bottom-small:10px;--awb-margin-left-small:0px;--awb-font-size:42px;\"><h1 class=\"fusion-title-heading title-heading-left\" style=\"margin:0;font-size:1em;line-height:1.3em;\">P\u0159eprava<\/h1><\/div><\/div><\/div><\/div><\/div><div class=\"fusion-fullwidth fullwidth-box fusion-builder-row-2 fusion-flex-container nonhundred-percent-fullwidth non-hundred-percent-height-scrolling\" style=\"--awb-background-position:left top;--awb-background-blend-mode:screen;--awb-border-radius-top-left:0px;--awb-border-radius-top-right:0px;--awb-border-radius-bottom-right:0px;--awb-border-radius-bottom-left:0px;--awb-background-color:#f3f3f4;--awb-flex-wrap:wrap;\" ><div class=\"fusion-builder-row fusion-row fusion-flex-align-items-stretch fusion-flex-justify-content-center fusion-flex-content-wrap\" style=\"max-width:calc( 1300px + 95px );margin-left: calc(-95px \/ 2 );margin-right: calc(-95px \/ 2 );\"><div class=\"fusion-layout-column fusion_builder_column fusion-builder-column-1 fusion-flex-column\" style=\"--awb-padding-top:110px;--awb-padding-bottom:110px;--awb-padding-left:4vw;--awb-padding-left-medium:5vw;--awb-padding-top-small:8vw;--awb-padding-right-small:8vw;--awb-padding-bottom-small:8vw;--awb-padding-left-small:8vw;--awb-bg-size:cover;--awb-width-large:55%;--awb-margin-top-large:0px;--awb-spacing-right-large:47.5px;--awb-margin-bottom-large:0px;--awb-spacing-left-large:47.5px;--awb-width-medium:55%;--awb-order-medium:0;--awb-spacing-right-medium:47.5px;--awb-spacing-left-medium:47.5px;--awb-width-small:100%;--awb-order-small:0;--awb-spacing-right-small:47.5px;--awb-spacing-left-small:47.5px;\"><div class=\"fusion-column-wrapper fusion-column-has-shadow fusion-flex-justify-content-flex-start fusion-content-layout-column\"><div class=\"fusion-title title fusion-title-2 fusion-sep-none fusion-title-highlight fusion-animate-once fusion-highlight-underline fusion-title-size-two\" style=\"--awb-highlight-color:#ffdc4b;--awb-margin-bottom:30px;--awb-margin-top-small:10px;--awb-margin-right-small:0px;--awb-margin-bottom-small:10px;--awb-margin-left-small:0px;\" data-highlight=\"underline\"><h2 class=\"fusion-title-heading title-heading-left\" style=\"margin:0;\"><span class=\"fusion-highlighted-text-prefix\">P\u0159in\u00e1\u0161\u00edme va\u0161e zbo\u017e\u00ed <\/span> <span class=\"fusion-highlighted-text-wrapper\"><span class=\"fusion-highlighted-text\">bezpe\u010dn\u011b a v\u010das<\/span><svg xmlns=\"http:\/\/www.w3.org\/2000\/svg\" viewBox=\"0 0 500 150\" preserveAspectRatio=\"none\"><path d=\"M8.1,146.2c0,0,240.6-55.6,479-13.8\"><\/path><\/svg><\/span> <span class=\"fusion-highlighted-text-postfix\"><\/span><\/h2><\/div><div class=\"fusion-text fusion-text-2\" style=\"--awb-content-alignment:left;\"><p>Jako u ka\u017ed\u00e9 rozvinut\u00e9 p\u0159epravn\u00ed firmy se i u firmy NordS\u00fcd to\u010d\u00ed v\u0161e okolo p\u0159epravy zbo\u017e\u00ed po Evrop\u011b.<\/p>\n<p>Firma NordS\u00fcd se specializuje na \u010d\u00e1ste\u010dn\u00e9 nebo kompletn\u00ed n\u00e1klady v n\u00e1sleduj\u00edc\u00edch pr\u016fmyslov\u00fdch odv\u011btv\u00edch:<\/p>\n<ul>\n<li>P\u0159epravy v automobilov\u00e9m pr\u016fmyslu a objemn\u00e9 p\u0159epravy<\/li>\n<li>Dlouh\u00e9 zbo\u017e\u00ed<\/li>\n<li>&#8220;b\u00edl\u00e9 zbo\u017e\u00ed&#8221; (ledni\u010dky, pra\u010dky atd.)<\/li>\n<li>Zpracov\u00e1n\u00ed d\u0159eva, pap\u00edru a jejich distribuce<\/li>\n<li>Zvl\u00e1\u0161tn\u00ed p\u0159epravy<\/li>\n<li>Obchod<\/li>\n<\/ul>\n<p>V r\u00e1mci t\u011bchto p\u0159eprav spojuje NordS\u00fcd nejv\u011bt\u0161\u00ed obchodn\u00ed centra v Evrop\u011b. Je jedno, zda se jedn\u00e1 o V\u00fdchodn\u00ed Vestf\u00e1lsko, Stuttgart, Hamburg, Par\u00ed\u017e, Madrid nebo Mil\u00e1no, va\u0161e zbo\u017e\u00ed V\u00e1m doruc\u00edme bezpecne a vcas na potrebn\u00e9 m\u00edsto.<\/p>\n<p>Oslovte n\u00e1s pros\u00edm, r\u00e1di V\u00e1m pom\u016f\u017eeme.<\/p>\n<\/div><div ><a class=\"fusion-button button-flat fusion-button-default-size button-default fusion-button-default button-1 fusion-button-default-span fusion-button-default-type\" target=\"_self\" href=\"https:\/\/www.nordsued.com\/en\/contact\/\"><span class=\"fusion-button-text awb-button__text awb-button__text--default\">kontakt<\/span><\/a><\/div><\/div><\/div><div class=\"fusion-layout-column fusion_builder_column fusion-builder-column-2 fusion-flex-column\" style=\"--awb-bg-image:linear-gradient(180deg, rgba(0,28,82,0) 65%,#001c52 100%);;--awb-bg-position:center center;--awb-bg-blend:overlay;--awb-bg-size:cover;--awb-width-large:45%;--awb-margin-top-large:0px;--awb-spacing-right-large:47.5px;--awb-margin-bottom-large:0px;--awb-spacing-left-large:47.5px;--awb-width-medium:45%;--awb-order-medium:0;--awb-spacing-right-medium:47.5px;--awb-spacing-left-medium:47.5px;--awb-width-small:100%;--awb-order-small:0;--awb-spacing-right-small:47.5px;--awb-margin-bottom-small:0px;--awb-spacing-left-small:47.5px;\"><div class=\"fusion-column-wrapper lazyload fusion-column-has-shadow fusion-flex-justify-content-flex-end fusion-content-layout-column fusion-empty-column-bg-image fusion-column-has-bg-image\" data-bg-url=\"https:\/\/www.nordsued.com\/wp-content\/uploads\/2021\/07\/transport.jpg\" data-bg=\"https:\/\/www.nordsued.com\/wp-content\/uploads\/2021\/07\/transport.jpg\" data-bg-gradient=\"linear-gradient(180deg, rgba(0,28,82,0) 65%,#001c52 100%)\"><img decoding=\"async\" class=\"fusion-empty-dims-img-placeholder fusion-no-large-visibility fusion-no-medium-visibility\" alt=\"Blauer Mercedes-Benz Lkw mit NordS\u00fcd-Logo f\u00e4hrt auf einer Autobahn.\" aria-label=\"transport\" src=\"data:image\/svg+xml,%3Csvg%20xmlns%3D%27http%3A%2F%2Fwww.w3.org%2F2000%2Fsvg%27%20width%3D%271920%27%20height%3D%271280%27%20viewBox%3D%270%200%201920%201280%27%3E%3Crect%20width%3D%271920%27%20height%3D%271280%27%20fill-opacity%3D%220%22%2F%3E%3C%2Fsvg%3E\"><\/div><\/div><\/div><\/div><\/p>\n","protected":false},"excerpt":{"rendered":"","protected":false},"author":1,"featured_media":0,"parent":0,"menu_order":7,"comment_status":"closed","ping_status":"closed","template":"","meta":{"footnotes":""},"class_list":["post-2147","page","type-page","status-publish","hentry"],"_links":{"self":[{"href":"https:\/\/www.nordsued.com\/cz\/wp-json\/wp\/v2\/pages\/2147","targetHints":{"allow":["GET"]}}],"collection":[{"href":"https:\/\/www.nordsued.com\/cz\/wp-json\/wp\/v2\/pages"}],"about":[{"href":"https:\/\/www.nordsued.com\/cz\/wp-json\/wp\/v2\/types\/page"}],"author":[{"embeddable":true,"href":"https:\/\/www.nordsued.com\/cz\/wp-json\/wp\/v2\/users\/1"}],"replies":[{"embeddable":true,"href":"https:\/\/www.nordsued.com\/cz\/wp-json\/wp\/v2\/comments?post=2147"}],"version-history":[{"count":1,"href":"https:\/\/www.nordsued.com\/cz\/wp-json\/wp\/v2\/pages\/2147\/revisions"}],"predecessor-version":[{"id":2148,"href":"https:\/\/www.nordsued.com\/cz\/wp-json\/wp\/v2\/pages\/2147\/revisions\/2148"}],"wp:attachment":[{"href":"https:\/\/www.nordsued.com\/cz\/wp-json\/wp\/v2\/media?parent=2147"}],"curies":[{"name":"wp","href":"https:\/\/api.w.org\/{rel}","templated":true}]}}