{"id":2142,"date":"2021-07-23T11:48:21","date_gmt":"2021-07-23T09:48:21","guid":{"rendered":"https:\/\/www.nordsued.com\/?page_id=2142"},"modified":"2023-07-13T15:56:39","modified_gmt":"2023-07-13T13:56:39","slug":"politika-kvality","status":"publish","type":"page","link":"https:\/\/www.nordsued.com\/cz\/politika-kvality\/","title":{"rendered":"Politika kvality"},"content":{"rendered":"<p><div class=\"fusion-fullwidth fullwidth-box fusion-builder-row-1 fusion-flex-container hundred-percent-fullwidth non-hundred-percent-height-scrolling\" style=\"--awb-border-radius-top-left:0px;--awb-border-radius-top-right:0px;--awb-border-radius-bottom-right:0px;--awb-border-radius-bottom-left:0px;--awb-background-color:#012b7f;--awb-flex-wrap:wrap;\" ><div class=\"fusion-builder-row fusion-row fusion-flex-align-items-stretch fusion-flex-content-wrap\" style=\"width:calc( 100% + 0px ) !important;max-width:calc( 100% + 0px ) !important;margin-left: calc(-0px \/ 2 );margin-right: calc(-0px \/ 2 );\"><div class=\"fusion-layout-column fusion_builder_column fusion-builder-column-0 fusion_builder_column_3_5 3_5 fusion-flex-column fusion-flex-align-self-center\" style=\"--awb-padding-top:5vw;--awb-padding-right:5vw;--awb-padding-bottom:2vw;--awb-padding-left:5vw;--awb-padding-bottom-medium:0vw;--awb-padding-top-small:12vw;--awb-padding-right-small:8vw;--awb-padding-bottom-small:0vw;--awb-padding-left-small:8vw;--awb-bg-color:#012b7f;--awb-bg-color-hover:#012b7f;--awb-bg-size:cover;--awb-width-large:60%;--awb-margin-top-large:0px;--awb-spacing-right-large:0px;--awb-margin-bottom-large:0px;--awb-spacing-left-large:0px;--awb-width-medium:60%;--awb-order-medium:0;--awb-spacing-right-medium:0px;--awb-spacing-left-medium:0px;--awb-width-small:100%;--awb-order-small:0;--awb-spacing-right-small:0px;--awb-margin-bottom-small:-5px;--awb-spacing-left-small:0px;\"><div class=\"fusion-column-wrapper fusion-column-has-shadow fusion-flex-justify-content-flex-start fusion-content-layout-column\"><div class=\"fusion-text fusion-text-1\" style=\"--awb-font-size:19px;--awb-text-color:#fdb913;\"><p>Podle ISO 9001:2015<\/p>\n<\/div><div class=\"fusion-title title fusion-title-1 fusion-sep-none fusion-title-text fusion-title-size-one hero\" style=\"--awb-text-color:#ffffff;--awb-margin-bottom:50px;--awb-margin-top-small:10px;--awb-margin-right-small:0px;--awb-margin-bottom-small:10px;--awb-margin-left-small:0px;--awb-font-size:42px;\"><h1 class=\"fusion-title-heading title-heading-left\" style=\"margin:0;font-size:1em;line-height:1.3em;\">Politika kvality<\/h1><\/div><\/div><\/div><div class=\"fusion-layout-column fusion_builder_column fusion-builder-column-1 fusion_builder_column_2_5 2_5 fusion-flex-column fusion-flex-align-self-center\" style=\"--awb-padding-right:5vw;--awb-padding-bottom:2vw;--awb-padding-left:5vw;--awb-padding-top-small:12vw;--awb-padding-right-small:8vw;--awb-padding-bottom-small:12vw;--awb-padding-left-small:8vw;--awb-bg-color:#012b7f;--awb-bg-color-hover:#012b7f;--awb-bg-size:cover;--awb-width-large:40%;--awb-margin-top-large:0px;--awb-spacing-right-large:0px;--awb-margin-bottom-large:0px;--awb-spacing-left-large:0px;--awb-width-medium:40%;--awb-order-medium:0;--awb-spacing-right-medium:0px;--awb-spacing-left-medium:0px;--awb-width-small:100%;--awb-order-small:0;--awb-spacing-right-small:0px;--awb-margin-bottom-small:-5px;--awb-spacing-left-small:0px;\"><div class=\"fusion-column-wrapper fusion-column-has-shadow fusion-flex-justify-content-flex-start fusion-content-layout-column\"><div class=\"fusion-image-element md-text-align-left sm-text-align-left\" style=\"text-align:right;--awb-caption-title-font-family:var(--h2_typography-font-family);--awb-caption-title-font-weight:var(--h2_typography-font-weight);--awb-caption-title-font-style:var(--h2_typography-font-style);--awb-caption-title-size:var(--h2_typography-font-size);--awb-caption-title-transform:var(--h2_typography-text-transform);--awb-caption-title-line-height:var(--h2_typography-line-height);--awb-caption-title-letter-spacing:var(--h2_typography-letter-spacing);\"><span class=\" fusion-imageframe imageframe-none imageframe-1 hover-type-none\"><img decoding=\"async\" width=\"201\" height=\"302\" alt=\"DEKRA Zertifizierungssiegel f\u00fcr Qualit\u00e4tsmanagement ISO 9001:2015 in gr\u00fcn und wei\u00df.\" title=\"dekra-zertifiziert\" src=\"https:\/\/www.nordsued.com\/wp-content\/uploads\/2021\/09\/dekra-zertifiziert-1.png\" data-orig-src=\"https:\/\/www.nordsued.com\/wp-content\/uploads\/2021\/09\/dekra-zertifiziert-1.png\" class=\"lazyload img-responsive wp-image-2246\" srcset=\"data:image\/svg+xml,%3Csvg%20xmlns%3D%27http%3A%2F%2Fwww.w3.org%2F2000%2Fsvg%27%20width%3D%27201%27%20height%3D%27302%27%20viewBox%3D%270%200%20201%20302%27%3E%3Crect%20width%3D%27201%27%20height%3D%27302%27%20fill-opacity%3D%220%22%2F%3E%3C%2Fsvg%3E\" data-srcset=\"https:\/\/www.nordsued.com\/wp-content\/uploads\/2021\/09\/dekra-zertifiziert-1-200x300.png 200w, https:\/\/www.nordsued.com\/wp-content\/uploads\/2021\/09\/dekra-zertifiziert-1.png 201w\" data-sizes=\"auto\" data-orig-sizes=\"(max-width: 820px) 100vw, 201px\" \/><\/span><\/div><\/div><\/div><\/div><\/div><div class=\"fusion-fullwidth fullwidth-box fusion-builder-row-2 fusion-flex-container nonhundred-percent-fullwidth non-hundred-percent-height-scrolling\" style=\"--awb-background-position:left top;--awb-background-blend-mode:screen;--awb-border-radius-top-left:0px;--awb-border-radius-top-right:0px;--awb-border-radius-bottom-right:0px;--awb-border-radius-bottom-left:0px;--awb-background-color:#f3f3f4;--awb-flex-wrap:wrap;\" ><div class=\"fusion-builder-row fusion-row fusion-flex-align-items-center fusion-flex-justify-content-center fusion-flex-content-wrap\" style=\"max-width:1352px;margin-left: calc(-4% \/ 2 );margin-right: calc(-4% \/ 2 );\"><div class=\"fusion-layout-column fusion_builder_column fusion-builder-column-2 fusion_builder_column_1_2 1_2 fusion-flex-column\" style=\"--awb-padding-top:110px;--awb-padding-bottom:4vw;--awb-padding-left:4vw;--awb-padding-left-medium:5vw;--awb-padding-top-small:8vw;--awb-padding-right-small:8vw;--awb-padding-bottom-small:0px;--awb-padding-left-small:8vw;--awb-bg-size:cover;--awb-width-large:50%;--awb-margin-top-large:0px;--awb-spacing-right-large:3.84%;--awb-margin-bottom-large:20px;--awb-spacing-left-large:3.84%;--awb-width-medium:50%;--awb-order-medium:0;--awb-spacing-right-medium:3.84%;--awb-spacing-left-medium:3.84%;--awb-width-small:100%;--awb-order-small:0;--awb-spacing-right-small:1.92%;--awb-spacing-left-small:1.92%;\"><div class=\"fusion-column-wrapper fusion-column-has-shadow fusion-flex-justify-content-flex-start fusion-content-layout-column\"><div class=\"fusion-title title fusion-title-2 fusion-sep-none fusion-title-highlight fusion-animate-once fusion-highlight-underline fusion-title-size-two\" style=\"--awb-highlight-color:#ffdc4b;--awb-margin-bottom:30px;--awb-margin-top-small:10px;--awb-margin-right-small:0px;--awb-margin-bottom-small:10px;--awb-margin-left-small:0px;\" data-highlight=\"underline\"><h2 class=\"fusion-title-heading title-heading-left\" style=\"margin:0;\"><span class=\"fusion-highlighted-text-prefix\">na\u0161e <\/span> <span class=\"fusion-highlighted-text-wrapper\"><span class=\"fusion-highlighted-text\">priority<\/span><svg xmlns=\"http:\/\/www.w3.org\/2000\/svg\" viewBox=\"0 0 500 150\" preserveAspectRatio=\"none\"><path d=\"M8.1,146.2c0,0,240.6-55.6,479-13.8\"><\/path><\/svg><\/span> <span class=\"fusion-highlighted-text-postfix\"><\/span><\/h2><\/div><\/div><\/div><div class=\"fusion-layout-column fusion_builder_column fusion-builder-column-3 fusion_builder_column_1_2 1_2 fusion-flex-column\" style=\"--awb-padding-top:110px;--awb-padding-right:4vw;--awb-padding-bottom:4vw;--awb-padding-left-medium:5vw;--awb-padding-top-small:0px;--awb-padding-right-small:8vw;--awb-padding-bottom-small:0px;--awb-padding-left-small:8vw;--awb-bg-size:cover;--awb-width-large:50%;--awb-margin-top-large:0px;--awb-spacing-right-large:3.84%;--awb-margin-bottom-large:20px;--awb-spacing-left-large:3.84%;--awb-width-medium:50%;--awb-order-medium:0;--awb-spacing-right-medium:3.84%;--awb-spacing-left-medium:3.84%;--awb-width-small:100%;--awb-order-small:0;--awb-spacing-right-small:1.92%;--awb-spacing-left-small:1.92%;\"><div class=\"fusion-column-wrapper fusion-column-has-shadow fusion-flex-justify-content-flex-start fusion-content-layout-column\"><div class=\"fusion-text fusion-text-2\" style=\"--awb-content-alignment:left;\"><p>Veden\u00ed na\u0161\u00ed spole\u010dnosti v r\u00e1mci sv\u00e9ho z\u00e1vazku rozv\u00edjet a neust\u00e1le zlep\u0161ovat zaveden\u00fd syst\u00e9m kvality podle ISO 9001:2015 <b>vyhla\u0161uje<\/b> n\u00e1sleduj\u00edc\u00ed <b>politiku kvality<\/b>, zam\u011b\u0159enou na tyto priority:<\/p>\n<\/div><\/div><\/div><\/div><\/div><div class=\"fusion-fullwidth fullwidth-box fusion-builder-row-3 fusion-flex-container nonhundred-percent-fullwidth non-hundred-percent-height-scrolling\" style=\"--awb-background-position:left top;--awb-background-blend-mode:screen;--awb-border-radius-top-left:0px;--awb-border-radius-top-right:0px;--awb-border-radius-bottom-right:0px;--awb-border-radius-bottom-left:0px;--awb-background-color:#f3f3f4;--awb-flex-wrap:wrap;\" ><div class=\"fusion-builder-row fusion-row fusion-flex-align-items-stretch fusion-flex-justify-content-center fusion-flex-content-wrap\" style=\"max-width:1352px;margin-left: calc(-4% \/ 2 );margin-right: calc(-4% \/ 2 );\"><div class=\"fusion-layout-column fusion_builder_column fusion-builder-column-4 fusion_builder_column_1_2 1_2 fusion-flex-column\" style=\"--awb-padding-bottom:110px;--awb-padding-left:4vw;--awb-padding-left-medium:5vw;--awb-padding-top-small:0px;--awb-padding-right-small:8vw;--awb-padding-bottom-small:0px;--awb-padding-left-small:8vw;--awb-bg-size:cover;--awb-width-large:50%;--awb-margin-top-large:0px;--awb-spacing-right-large:3.84%;--awb-margin-bottom-large:20px;--awb-spacing-left-large:3.84%;--awb-width-medium:50%;--awb-order-medium:0;--awb-spacing-right-medium:3.84%;--awb-spacing-left-medium:3.84%;--awb-width-small:100%;--awb-order-small:0;--awb-spacing-right-small:1.92%;--awb-spacing-left-small:1.92%;\"><div class=\"fusion-column-wrapper fusion-column-has-shadow fusion-flex-justify-content-flex-start fusion-content-layout-column\"><div class=\"fusion-text fusion-text-3 fusion-text-no-margin\" style=\"--awb-content-alignment:left;--awb-margin-bottom:20px;\"><p><strong>SPOKOJENOST Z\u00c1KAZN\u00cdK\u016e<\/strong><\/p>\n<ul>\n<li>neust\u00e1le zji\u0161\u0165ujeme po\u017eadavky z\u00e1kazn\u00edk\u016f a analyzujeme je<\/li>\n<li>preferujeme individu\u00e1ln\u00ed p\u0159\u00edstup ke ka\u017ed\u00e9mu z\u00e1kazn\u00edkovi<\/li>\n<li>usilujeme o trval\u00e9 zlep\u0161ov\u00e1n\u00ed kvality p\u0159epravn\u00edch a logistick\u00fdch slu\u017eeb<\/li>\n<li>poskytujeme z\u00e1ruku na bezchybnou p\u0159epravu nalo\u017een\u00e9ho zbo\u017e\u00ed<\/li>\n<li>v\u00edt\u00e1me p\u0159ipom\u00ednky a n\u00e1m\u011bty z\u00e1kazn\u00edk\u016f<\/li>\n<li>sna\u017e\u00edme se vych\u00e1zet vst\u0159\u00edc o\u010dek\u00e1v\u00e1n\u00ed z\u00e1kazn\u00edk\u016f<\/li>\n<\/ul>\n<\/div><div class=\"fusion-text fusion-text-4\" style=\"--awb-content-alignment:left;\"><p><strong>OCHRANA \u017dIVOTN\u00cdHO PROST\u0158ED\u00cd<\/strong><\/p>\n<ul>\n<li>hled\u00e1me cesty k hospod\u00e1rn\u00e9mu vyu\u017e\u00edv\u00e1n\u00ed pohonn\u00fdch hmot a sni\u017eov\u00e1n\u00ed emis\u00ed z vozidel, aby dopady na \u017eivotn\u00ed prost\u0159ed\u00ed spojen\u00e9 s provozov\u00e1n\u00edm na\u0161\u00ed \u010dinnosti byly minim\u00e1ln\u00ed<\/li>\n<\/ul>\n<\/div><\/div><\/div><div class=\"fusion-layout-column fusion_builder_column fusion-builder-column-5 fusion_builder_column_1_2 1_2 fusion-flex-column\" style=\"--awb-padding-right:4vw;--awb-padding-bottom:110px;--awb-padding-left-medium:5vw;--awb-padding-top-small:0px;--awb-padding-right-small:8vw;--awb-padding-bottom-small:8vw;--awb-padding-left-small:8vw;--awb-bg-size:cover;--awb-width-large:50%;--awb-margin-top-large:0px;--awb-spacing-right-large:3.84%;--awb-margin-bottom-large:20px;--awb-spacing-left-large:3.84%;--awb-width-medium:50%;--awb-order-medium:0;--awb-spacing-right-medium:3.84%;--awb-spacing-left-medium:3.84%;--awb-width-small:100%;--awb-order-small:0;--awb-spacing-right-small:1.92%;--awb-spacing-left-small:1.92%;\"><div class=\"fusion-column-wrapper fusion-column-has-shadow fusion-flex-justify-content-flex-start fusion-content-layout-column\"><div class=\"fusion-text fusion-text-5\" style=\"--awb-content-alignment:left;\"><p><strong>KVALIFIKOVANOST ZAM\u011aSTNANC\u016e<\/strong><\/p>\n<ul>\n<li>klademe d\u016fraz na soustavn\u00e9 vzd\u011bl\u00e1v\u00e1n\u00ed zam\u011bstnanc\u016f a t\u00edm zvy\u0161ov\u00e1n\u00ed jejich kvalifikace<\/li>\n<li>motivujeme je k odpov\u011bdn\u00e9mu p\u0159\u00edstupu ke kvalit\u011b odveden\u00e9 pr\u00e1ce<\/li>\n<li>seznamujeme je se z\u00e1m\u011bry firmy v oblasti kvality prov\u00e1d\u011bn\u00fdch p\u0159eprav a \u0161etrn\u00e9ho p\u0159\u00edstupu k \u017eivotn\u00edmu prost\u0159ed\u00ed<\/li>\n<li>neust\u00e1le zlep\u0161ujeme jejich pracovn\u00ed podm\u00ednky a db\u00e1me na vytv\u00e1\u0159en\u00ed ucelen\u00e9ho pracovn\u00edho t\u00fdmu zalo\u017een\u00e9ho na kvalitn\u00ed intern\u00ed komunikaci a vz\u00e1jemn\u00fdch vztaz\u00edch<\/li>\n<li>vy\u017eadujeme kvalitn\u00ed pr\u00e1ci ka\u017ed\u00e9ho zam\u011bstnance s d\u016frazem na vysokou \u00farove\u0148 na\u0161ich slu\u017eeb<\/li>\n<li>pravideln\u011b hodnot\u00edme dosahovan\u00e9 pracovn\u00ed v\u00fdsledky<\/li>\n<\/ul>\n<\/div><\/div><\/div><\/div><\/div><div class=\"fusion-fullwidth fullwidth-box fusion-builder-row-4 fusion-flex-container has-pattern-background has-mask-background nonhundred-percent-fullwidth non-hundred-percent-height-scrolling\" style=\"--awb-background-position:left top;--awb-background-blend-mode:screen;--awb-border-radius-top-left:0px;--awb-border-radius-top-right:0px;--awb-border-radius-bottom-right:0px;--awb-border-radius-bottom-left:0px;--awb-margin-top:-40px;--awb-background-color:#f3f3f4;--awb-flex-wrap:wrap;\" ><div class=\"fusion-builder-row fusion-row fusion-flex-align-items-stretch fusion-flex-justify-content-center fusion-flex-content-wrap\" style=\"max-width:1352px;margin-left: calc(-4% \/ 2 );margin-right: calc(-4% \/ 2 );\"><div class=\"fusion-layout-column fusion_builder_column fusion-builder-column-6 fusion_builder_column_1_3 1_3 fusion-flex-column\" style=\"--awb-padding-bottom:110px;--awb-padding-left:4vw;--awb-padding-left-medium:5vw;--awb-padding-top-small:0px;--awb-padding-right-small:8vw;--awb-padding-bottom-small:0px;--awb-padding-left-small:8vw;--awb-bg-size:cover;--awb-width-large:33.3333333333%;--awb-margin-top-large:0px;--awb-spacing-right-large:5.76%;--awb-margin-bottom-large:20px;--awb-spacing-left-large:5.76%;--awb-width-medium:33.3333333333%;--awb-order-medium:0;--awb-spacing-right-medium:5.76%;--awb-spacing-left-medium:5.76%;--awb-width-small:100%;--awb-order-small:0;--awb-spacing-right-small:1.92%;--awb-spacing-left-small:1.92%;\" data-scroll-devices=\"small-visibility,medium-visibility,large-visibility\"><div class=\"fusion-column-wrapper fusion-column-has-shadow fusion-flex-justify-content-center fusion-content-layout-column\"><div class=\"fusion-image-element \" style=\"--awb-caption-title-font-family:var(--h2_typography-font-family);--awb-caption-title-font-weight:var(--h2_typography-font-weight);--awb-caption-title-font-style:var(--h2_typography-font-style);--awb-caption-title-size:var(--h2_typography-font-size);--awb-caption-title-transform:var(--h2_typography-text-transform);--awb-caption-title-line-height:var(--h2_typography-line-height);--awb-caption-title-letter-spacing:var(--h2_typography-letter-spacing);\"><span class=\" fusion-imageframe imageframe-none imageframe-2 hover-type-none\"><a href=\"https:\/\/www.nordsued.com\/wp-content\/uploads\/2023\/07\/cz-page-0001.jpg\" class=\"fusion-lightbox\" data-rel=\"iLightbox[e53020cc103eea0710a]\" data-title=\"cz-page-0001\" title=\"cz-page-0001\"><img decoding=\"async\" width=\"1200\" height=\"1697\" alt=\"Zertifikat DEKRA f\u00fcr NordS\u00fcd Czech s.r.o. mit der Best\u00e4tigung von ISO 9001:2015.\" src=\"https:\/\/www.nordsued.com\/wp-content\/uploads\/2023\/07\/cz-page-0001.jpg\" data-orig-src=\"https:\/\/www.nordsued.com\/wp-content\/uploads\/2023\/07\/cz-page-0001.jpg\" class=\"lazyload img-responsive wp-image-2502\" srcset=\"data:image\/svg+xml,%3Csvg%20xmlns%3D%27http%3A%2F%2Fwww.w3.org%2F2000%2Fsvg%27%20width%3D%271200%27%20height%3D%271697%27%20viewBox%3D%270%200%201200%201697%27%3E%3Crect%20width%3D%271200%27%20height%3D%271697%27%20fill-opacity%3D%220%22%2F%3E%3C%2Fsvg%3E\" data-srcset=\"https:\/\/www.nordsued.com\/wp-content\/uploads\/2023\/07\/cz-page-0001-200x283.jpg 200w, https:\/\/www.nordsued.com\/wp-content\/uploads\/2023\/07\/cz-page-0001-400x566.jpg 400w, https:\/\/www.nordsued.com\/wp-content\/uploads\/2023\/07\/cz-page-0001-600x849.jpg 600w, https:\/\/www.nordsued.com\/wp-content\/uploads\/2023\/07\/cz-page-0001-800x1131.jpg 800w, https:\/\/www.nordsued.com\/wp-content\/uploads\/2023\/07\/cz-page-0001.jpg 1200w\" data-sizes=\"auto\" data-orig-sizes=\"(max-width: 820px) 100vw, 400px\" \/><\/a><\/span><\/div><\/div><\/div><\/div><\/div><\/p>\n","protected":false},"excerpt":{"rendered":"","protected":false},"author":7,"featured_media":0,"parent":0,"menu_order":6,"comment_status":"closed","ping_status":"closed","template":"","meta":{"footnotes":""},"class_list":["post-2142","page","type-page","status-publish","hentry"],"_links":{"self":[{"href":"https:\/\/www.nordsued.com\/cz\/wp-json\/wp\/v2\/pages\/2142","targetHints":{"allow":["GET"]}}],"collection":[{"href":"https:\/\/www.nordsued.com\/cz\/wp-json\/wp\/v2\/pages"}],"about":[{"href":"https:\/\/www.nordsued.com\/cz\/wp-json\/wp\/v2\/types\/page"}],"author":[{"embeddable":true,"href":"https:\/\/www.nordsued.com\/cz\/wp-json\/wp\/v2\/users\/7"}],"replies":[{"embeddable":true,"href":"https:\/\/www.nordsued.com\/cz\/wp-json\/wp\/v2\/comments?post=2142"}],"version-history":[{"count":6,"href":"https:\/\/www.nordsued.com\/cz\/wp-json\/wp\/v2\/pages\/2142\/revisions"}],"predecessor-version":[{"id":2507,"href":"https:\/\/www.nordsued.com\/cz\/wp-json\/wp\/v2\/pages\/2142\/revisions\/2507"}],"wp:attachment":[{"href":"https:\/\/www.nordsued.com\/cz\/wp-json\/wp\/v2\/media?parent=2142"}],"curies":[{"name":"wp","href":"https:\/\/api.w.org\/{rel}","templated":true}]}}